{"id":131,"date":"2024-06-14T18:55:51","date_gmt":"2024-06-14T18:55:51","guid":{"rendered":"https:\/\/mastersemiconductores.usal.es\/?page_id=131"},"modified":"2025-06-24T11:49:02","modified_gmt":"2025-06-24T11:49:02","slug":"plan-de-estudios","status":"publish","type":"page","link":"https:\/\/mastersemiconductores.usal.es\/en\/plan-de-estudios\/","title":{"rendered":"(Espa\u00f1ol) Plan de Estudios"},"content":{"rendered":"&#8221; href=&#8221;https:\/\/mastersemiconductores.usal.es\/materiales-semiconductores\/&#8221;>Materiales Semiconductores<\/a> (UVa)<\/td>\n<td style=\"width: 1.24378%; height: 20px; text-align: center;\">4.5<\/td>\n<td style=\"width: 2.87419%; height: 20px; text-align: center;\">OB<\/td>\n<td style=\"width: 44.3386%; height: 20px;\"><a title=\"\" href=\"https:\/\/mastersemiconductores.usal.es\/tecnologias-de-micro-y-nanofabricacion-electronica\/\">Tecnolog\u00edas de Micro y Nanofabricaci\u00f3n Electr\u00f3nica<\/a> (USAL)<\/td>\n<td style=\"width: 1.24378%; height: 20px; text-align: center;\">4.5<\/td>\n<td style=\"width: 3.55541%; height: 20px; text-align: center;\">OB<\/td>\n<\/tr>\n<tr style=\"height: 20px;\">\n<td style=\"width: 39.6696%; height: 20px;\"><a title=\"\" href=\"https:\/\/mastersemiconductores.usal.es\/dispositivos-optoelectronicos\/\">Dispositivos Optoelectr\u00f3nicos<\/a> (UVa)<\/td>\n<td style=\"width: 1.24378%; height: 20px; text-align: center;\">4.5<\/td>\n<td style=\"width: 2.87419%; height: 20px; text-align: center;\">OB<\/td>\n<td style=\"width: 44.3386%; height: 20px;\"><a title=\"\" href=\"https:\/\/mastersemiconductores.usal.es\/dispositivos-electronicos-emergentes\/\">Dispositivos Electr\u00f3nicos Emergentes<\/a> (USAL)<\/td>\n<td style=\"width: 1.24378%; height: 20px; text-align: center;\">4.5<\/td>\n<td style=\"width: 3.55541%; height: 20px; text-align: center;\">OB<\/td>\n<\/tr>\n<tr style=\"height: 20px;\">\n<td style=\"width: 39.6696%; height: 20px;\"><a title=\"\" href=\"https:\/\/mastersemiconductores.usal.es\/sensores-de-imagen-y-displays\/\">Sensores de Imagen y Displays<\/a> (UVa)<\/td>\n<td style=\"width: 1.24378%; height: 20px; text-align: center;\">4.5<\/td>\n<td style=\"width: 2.87419%; height: 20px; text-align: center;\">OB<\/td>\n<td style=\"width: 44.3386%; height: 20px;\"><a title=\"\" href=\"https:\/\/mastersemiconductores.usal.es\/teoria-y-tecnicas-de-medida-e-instrumentacion\/\">Teor\u00eda y T\u00e9cnicas de Medida e Instrumentaci\u00f3n<\/a> (USAL)<\/td>\n<td style=\"width: 1.24378%; height: 20px; text-align: center;\">4.5<\/td>\n<td style=\"width: 3.55541%; height: 20px; text-align: center;\">OB<\/td>\n<\/tr>\n<tr style=\"height: 20px;\">\n<td style=\"width: 39.6696%; height: 20px;\"><a title=\"\" href=\"https:\/\/mastersemiconductores.usal.es\/circuitos-digitales-integrados\/\">Circuitos Digitales Integrados<\/a> (UVa)<\/td>\n<td style=\"width: 1.24378%; height: 20px; text-align: center;\">4.5<\/td>\n<td style=\"width: 2.87419%; height: 20px; text-align: center;\">OB<\/td>\n<td style=\"width: 44.3386%; height: 20px;\"><a title=\"\" href=\"https:\/\/mastersemiconductores.usal.es\/optimizacion-energetica-en-electronica-de-potencia\/\">Optimizaci\u00f3n Energ\u00e9tica en Electr\u00f3nica de Potencia<\/a> (USAL)<\/td>\n<td style=\"width: 1.24378%; height: 20px; text-align: center;\">4.5<\/td>\n<td style=\"width: 3.55541%; height: 20px; text-align: center;\">OB<\/td>\n<\/tr>\n<tr style=\"height: 20px;\">\n<td style=\"width: 39.6696%; height: 20px;\"><a title=\"\" href=\"https:\/\/mastersemiconductores.usal.es\/temas-de-vanguardia-en-electronica-sostenible\/\">Temas de Vanguardia en Electr\u00f3nica Sostenible<\/a> (USAL\/UVa)<\/td>\n<td style=\"width: 1.24378%; height: 20px; text-align: center;\">3<\/td>\n<td style=\"width: 2.87419%; height: 20px; text-align: center;\">OB<\/td>\n<td style=\"width: 44.3386%; height: 20px;\">Pr\u00e1cticas Externas<\/td>\n<td style=\"width: 1.24378%; height: 20px; text-align: center;\">6<\/td>\n<td style=\"width: 3.55541%; height: 20px; text-align: center;\">PE<\/td>\n<\/tr>\n<tr style=\"height: 20px;\">\n<td style=\"width: 39.6696%; height: 20px;\">Optativa 1<\/td>\n<td style=\"width: 1.24378%; height: 20px; text-align: center;\">4.5<\/td>\n<td style=\"width: 2.87419%; height: 20px; text-align: center;\">OP<\/td>\n<td style=\"width: 44.3386%; height: 20px;\">Trabajo de Fin de M\u00e1ster<\/td>\n<td style=\"width: 1.24378%; height: 20px; text-align: center;\">6<\/td>\n<td style=\"width: 3.55541%; height: 20px; text-align: center;\">TFM<\/td>\n<\/tr>\n<tr style=\"height: 20px;\">\n<td style=\"width: 39.6696%; height: 20px;\">Optativa 2<\/td>\n<td style=\"width: 1.24378%; height: 20px; text-align: center;\">4.5<\/td>\n<td style=\"width: 2.87419%; height: 20px; text-align: center;\">OP<\/td>\n<td style=\"width: 44.3386%; height: 20px;\"><\/td>\n<td style=\"width: 1.24378%; height: 20px; text-align: center;\"><\/td>\n<td style=\"width: 3.55541%; height: 20px; text-align: center;\"><\/td>\n<\/tr>\n<tr style=\"height: 20px;\">\n<td style=\"width: 39.6696%; height: 20px;\">Total ECTS a cursar<\/td>\n<td style=\"width: 1.24378%; height: 20px; text-align: center;\">30<\/td>\n<td style=\"width: 2.87419%; height: 20px; text-align: center;\"><\/td>\n<td style=\"width: 44.3386%; height: 20px;\">Total ECTS a cursar<\/td>\n<td style=\"width: 1.24378%; height: 20px; text-align: center;\">30<\/td>\n<td style=\"width: 3.55541%; height: 20px; text-align: center;\"><\/td>\n<\/tr>\n<\/tbody>\n<\/table>\n<p>&nbsp;<\/p>\n<p>Dentro del modelo h\u00edbrido (semipresencial) se facilitar\u00e1 lo m\u00e1ximo posible el seguimiento remoto de las clases presenciales s\u00edncronas, as\u00ed como la realizaci\u00f3n de las pr\u00e1cticas de laboratorio.<\/p>\n<p>Exceptuando la asignatura &#8220;Tema de Vanguardia en Electr\u00f3nica Sostenible&#8221;, que se imparte en modo virtual, el resto de asignaturas se imparte en formato h\u00edbrido (semipresencial).<\/p>\n<p>Las asignaturas <strong>optativas<\/strong> ofertadas son las siguientes, de las cuales <strong>hay que elegir 2<\/strong>:<\/p>\n<table style=\"border-collapse: collapse; width: 34.8078%; height: 97px;\">\n<tbody>\n<tr>\n<td style=\"width: 88.9237%; text-align: center;\">1er SEMESTRE<\/td>\n<td style=\"width: 11.0763%; text-align: center;\">ECTS<\/td>\n<\/tr>\n<tr>\n<td style=\"width: 88.9237%;\"><a title=\"\" href=\"https:\/\/mastersemiconductores.usal.es\/diseno-de-sistemas-digitales-energeticamente-eficientes\/\">Dise\u00f1o de Sistemas Digitales Energ\u00e9ticamente Eficientes<\/a> (UVa)<\/td>\n<td style=\"width: 11.0763%; text-align: center;\">4.5<\/td>\n<\/tr>\n<tr>\n<td style=\"width: 88.9237%;\"><a title=\"\" href=\"https:\/\/mastersemiconductores.usal.es\/sistemas-fotovoltaicos-y-optoelectronicos\/\">Sistemas Fotovoltaicos y Optoelectr\u00f3nicos<\/a> (UVa)<\/td>\n<td style=\"width: 11.0763%; text-align: center;\">4.5<\/td>\n<\/tr>\n<tr>\n<td style=\"width: 88.9237%;\"><a title=\"\" href=\"https:\/\/mastersemiconductores.usal.es\/sensores-inteligentes-y-electronica-para-iot\/\">Sensores Inteligentes y Electr\u00f3nica para IoT<\/a> (USAL)<\/td>\n<td style=\"width: 11.0763%; text-align: center;\">4.5<\/td>\n<\/tr>\n<tr>\n<td style=\"width: 88.9237%;\"><a title=\"\" href=\"https:\/\/mastersemiconductores.usal.es\/electronica-para-computacion-neuromorfica\/\">Electr\u00f3nica para Computaci\u00f3n Neurom\u00f3rfica<\/a> (USAL)<\/td>\n<td style=\"width: 11.0763%; text-align: center;\">4.5<\/td>\n<\/tr>\n<\/tbody>\n<\/table>\n<p>&nbsp;<\/p>\n<p>Nota: existen adem\u00e1s dos complementos formativos, de 3 ECTS cada uno, e impartidos en modo virtual, que tendr\u00edan que cursar previamente quienes no hayan cursado materias b\u00e1sicas sobre electr\u00f3nica digital (&#8220;Circuitos Digitales&#8221;) o electr\u00f3nica anal\u00f3gica (&#8220;Circuitos Anal\u00f3gicos&#8221;). La Comisi\u00f3n Acad\u00e9mica decidir\u00e1, en cada caso, si es necesario cursar estos complementos formativos en funci\u00f3n de la formaci\u00f3n acad\u00e9mica y de la informaci\u00f3n aportada por las personas solicitantes.","protected":false},"excerpt":{"rendered":"<p>&#8221; href=&#8221;https:\/\/mastersemiconductores.usal.es\/materiales-semiconductores\/&#8221;>Materiales Semiconductores (UVa) 4.5 OB Tecnolog\u00edas de Micro y Nanofabricaci\u00f3n Electr\u00f3nica (USAL) 4.5 OB Dispositivos Optoelectr\u00f3nicos (UVa) 4.5 OB Dispositivos Electr\u00f3nicos Emergentes (USAL) 4.5 OB Sensores de Imagen y Displays (UVa) 4.5 OB Teor\u00eda y T\u00e9cnicas de Medida e &hellip; <a href=\"https:\/\/mastersemiconductores.usal.es\/en\/plan-de-estudios\/\">Continued<\/a><\/p>\n","protected":false},"author":371,"featured_media":0,"parent":0,"menu_order":0,"comment_status":"closed","ping_status":"closed","template":"","meta":{"footnotes":""},"class_list":["post-131","page","type-page","status-publish","hentry"],"aioseo_notices":[],"_links":{"self":[{"href":"https:\/\/mastersemiconductores.usal.es\/en\/wp-json\/wp\/v2\/pages\/131","targetHints":{"allow":["GET"]}}],"collection":[{"href":"https:\/\/mastersemiconductores.usal.es\/en\/wp-json\/wp\/v2\/pages"}],"about":[{"href":"https:\/\/mastersemiconductores.usal.es\/en\/wp-json\/wp\/v2\/types\/page"}],"author":[{"embeddable":true,"href":"https:\/\/mastersemiconductores.usal.es\/en\/wp-json\/wp\/v2\/users\/371"}],"replies":[{"embeddable":true,"href":"https:\/\/mastersemiconductores.usal.es\/en\/wp-json\/wp\/v2\/comments?post=131"}],"version-history":[{"count":16,"href":"https:\/\/mastersemiconductores.usal.es\/en\/wp-json\/wp\/v2\/pages\/131\/revisions"}],"predecessor-version":[{"id":301,"href":"https:\/\/mastersemiconductores.usal.es\/en\/wp-json\/wp\/v2\/pages\/131\/revisions\/301"}],"wp:attachment":[{"href":"https:\/\/mastersemiconductores.usal.es\/en\/wp-json\/wp\/v2\/media?parent=131"}],"curies":[{"name":"wp","href":"https:\/\/api.w.org\/{rel}","templated":true}]}}