{"id":142,"date":"2024-06-15T09:48:19","date_gmt":"2024-06-15T09:48:19","guid":{"rendered":"https:\/\/mastersemiconductores.usal.es\/?page_id=142"},"modified":"2024-06-15T10:26:44","modified_gmt":"2024-06-15T10:26:44","slug":"tecnologias-de-micro-y-nanofabricacion-electronica","status":"publish","type":"page","link":"https:\/\/mastersemiconductores.usal.es\/en\/tecnologias-de-micro-y-nanofabricacion-electronica\/","title":{"rendered":"(Espa\u00f1ol) Tecnolog\u00edas de Micro y Nanofabricaci\u00f3n Electr\u00f3nica"},"content":{"rendered":"<p class=\"qtranxs-available-languages-message qtranxs-available-languages-message-en\">Sorry, this entry is only available in <a href=\"https:\/\/mastersemiconductores.usal.es\/es\/wp-json\/wp\/v2\/pages\/142\" class=\"qtranxs-available-language-link qtranxs-available-language-link-es\" title=\"Espa\u00f1ol\">Espa\u00f1ol<\/a>.<\/p>","protected":false},"excerpt":{"rendered":"<p>Sorry, this entry is only available in Espa\u00f1ol.<\/p>\n","protected":false},"author":371,"featured_media":0,"parent":0,"menu_order":0,"comment_status":"closed","ping_status":"closed","template":"","meta":{"footnotes":""},"class_list":["post-142","page","type-page","status-publish","hentry"],"aioseo_notices":[],"_links":{"self":[{"href":"https:\/\/mastersemiconductores.usal.es\/en\/wp-json\/wp\/v2\/pages\/142","targetHints":{"allow":["GET"]}}],"collection":[{"href":"https:\/\/mastersemiconductores.usal.es\/en\/wp-json\/wp\/v2\/pages"}],"about":[{"href":"https:\/\/mastersemiconductores.usal.es\/en\/wp-json\/wp\/v2\/types\/page"}],"author":[{"embeddable":true,"href":"https:\/\/mastersemiconductores.usal.es\/en\/wp-json\/wp\/v2\/users\/371"}],"replies":[{"embeddable":true,"href":"https:\/\/mastersemiconductores.usal.es\/en\/wp-json\/wp\/v2\/comments?post=142"}],"version-history":[{"count":3,"href":"https:\/\/mastersemiconductores.usal.es\/en\/wp-json\/wp\/v2\/pages\/142\/revisions"}],"predecessor-version":[{"id":185,"href":"https:\/\/mastersemiconductores.usal.es\/en\/wp-json\/wp\/v2\/pages\/142\/revisions\/185"}],"wp:attachment":[{"href":"https:\/\/mastersemiconductores.usal.es\/en\/wp-json\/wp\/v2\/media?parent=142"}],"curies":[{"name":"wp","href":"https:\/\/api.w.org\/{rel}","templated":true}]}}