{"id":146,"date":"2024-06-15T09:51:31","date_gmt":"2024-06-15T09:51:31","guid":{"rendered":"https:\/\/mastersemiconductores.usal.es\/?page_id=146"},"modified":"2024-06-15T10:25:34","modified_gmt":"2024-06-15T10:25:34","slug":"optimizacion-energetica-en-electronica-de-potencia","status":"publish","type":"page","link":"https:\/\/mastersemiconductores.usal.es\/en\/optimizacion-energetica-en-electronica-de-potencia\/","title":{"rendered":"(Espa\u00f1ol) Optimizaci\u00f3n Energ\u00e9tica en Electr\u00f3nica de Potencia"},"content":{"rendered":"<p class=\"qtranxs-available-languages-message qtranxs-available-languages-message-en\">Sorry, this entry is only available in <a href=\"https:\/\/mastersemiconductores.usal.es\/es\/wp-json\/wp\/v2\/pages\/146\" class=\"qtranxs-available-language-link qtranxs-available-language-link-es\" title=\"Espa\u00f1ol\">Espa\u00f1ol<\/a>.<\/p>","protected":false},"excerpt":{"rendered":"<p>Sorry, this entry is only available in Espa\u00f1ol.<\/p>\n","protected":false},"author":371,"featured_media":0,"parent":0,"menu_order":0,"comment_status":"closed","ping_status":"closed","template":"","meta":{"footnotes":""},"class_list":["post-146","page","type-page","status-publish","hentry"],"aioseo_notices":[],"_links":{"self":[{"href":"https:\/\/mastersemiconductores.usal.es\/en\/wp-json\/wp\/v2\/pages\/146","targetHints":{"allow":["GET"]}}],"collection":[{"href":"https:\/\/mastersemiconductores.usal.es\/en\/wp-json\/wp\/v2\/pages"}],"about":[{"href":"https:\/\/mastersemiconductores.usal.es\/en\/wp-json\/wp\/v2\/types\/page"}],"author":[{"embeddable":true,"href":"https:\/\/mastersemiconductores.usal.es\/en\/wp-json\/wp\/v2\/users\/371"}],"replies":[{"embeddable":true,"href":"https:\/\/mastersemiconductores.usal.es\/en\/wp-json\/wp\/v2\/comments?post=146"}],"version-history":[{"count":2,"href":"https:\/\/mastersemiconductores.usal.es\/en\/wp-json\/wp\/v2\/pages\/146\/revisions"}],"predecessor-version":[{"id":182,"href":"https:\/\/mastersemiconductores.usal.es\/en\/wp-json\/wp\/v2\/pages\/146\/revisions\/182"}],"wp:attachment":[{"href":"https:\/\/mastersemiconductores.usal.es\/en\/wp-json\/wp\/v2\/media?parent=146"}],"curies":[{"name":"wp","href":"https:\/\/api.w.org\/{rel}","templated":true}]}}