{"id":154,"date":"2024-06-15T09:59:19","date_gmt":"2024-06-15T09:59:19","guid":{"rendered":"https:\/\/mastersemiconductores.usal.es\/?page_id=154"},"modified":"2024-06-15T10:27:19","modified_gmt":"2024-06-15T10:27:19","slug":"teoria-y-tecnicas-de-medida-e-instrumentacion","status":"publish","type":"page","link":"https:\/\/mastersemiconductores.usal.es\/en\/teoria-y-tecnicas-de-medida-e-instrumentacion\/","title":{"rendered":"(Espa\u00f1ol) Teor\u00eda y T\u00e9cnicas de Medida e Instrumentaci\u00f3n"},"content":{"rendered":"<p class=\"qtranxs-available-languages-message qtranxs-available-languages-message-en\">Sorry, this entry is only available in <a href=\"https:\/\/mastersemiconductores.usal.es\/es\/wp-json\/wp\/v2\/pages\/154\" class=\"qtranxs-available-language-link qtranxs-available-language-link-es\" title=\"Espa\u00f1ol\">Espa\u00f1ol<\/a>.<\/p>","protected":false},"excerpt":{"rendered":"<p>Sorry, this entry is only available in Espa\u00f1ol.<\/p>\n","protected":false},"author":371,"featured_media":0,"parent":0,"menu_order":0,"comment_status":"closed","ping_status":"closed","template":"","meta":{"footnotes":""},"class_list":["post-154","page","type-page","status-publish","hentry"],"aioseo_notices":[],"_links":{"self":[{"href":"https:\/\/mastersemiconductores.usal.es\/en\/wp-json\/wp\/v2\/pages\/154","targetHints":{"allow":["GET"]}}],"collection":[{"href":"https:\/\/mastersemiconductores.usal.es\/en\/wp-json\/wp\/v2\/pages"}],"about":[{"href":"https:\/\/mastersemiconductores.usal.es\/en\/wp-json\/wp\/v2\/types\/page"}],"author":[{"embeddable":true,"href":"https:\/\/mastersemiconductores.usal.es\/en\/wp-json\/wp\/v2\/users\/371"}],"replies":[{"embeddable":true,"href":"https:\/\/mastersemiconductores.usal.es\/en\/wp-json\/wp\/v2\/comments?post=154"}],"version-history":[{"count":3,"href":"https:\/\/mastersemiconductores.usal.es\/en\/wp-json\/wp\/v2\/pages\/154\/revisions"}],"predecessor-version":[{"id":186,"href":"https:\/\/mastersemiconductores.usal.es\/en\/wp-json\/wp\/v2\/pages\/154\/revisions\/186"}],"wp:attachment":[{"href":"https:\/\/mastersemiconductores.usal.es\/en\/wp-json\/wp\/v2\/media?parent=154"}],"curies":[{"name":"wp","href":"https:\/\/api.w.org\/{rel}","templated":true}]}}