{"id":169,"date":"2024-06-15T10:13:49","date_gmt":"2024-06-15T10:13:49","guid":{"rendered":"https:\/\/mastersemiconductores.usal.es\/?page_id=169"},"modified":"2024-06-15T10:23:23","modified_gmt":"2024-06-15T10:23:23","slug":"diseno-de-sistemas-digitales-energeticamente-eficientes","status":"publish","type":"page","link":"https:\/\/mastersemiconductores.usal.es\/en\/diseno-de-sistemas-digitales-energeticamente-eficientes\/","title":{"rendered":"(Espa\u00f1ol) Dise\u00f1o de Sistemas Digitales Energ\u00e9ticamente Eficientes"},"content":{"rendered":"<p class=\"qtranxs-available-languages-message qtranxs-available-languages-message-en\">Sorry, this entry is only available in <a href=\"https:\/\/mastersemiconductores.usal.es\/es\/wp-json\/wp\/v2\/pages\/169\" class=\"qtranxs-available-language-link qtranxs-available-language-link-es\" title=\"Espa\u00f1ol\">Espa\u00f1ol<\/a>.<\/p>","protected":false},"excerpt":{"rendered":"<p>Sorry, this entry is only available in Espa\u00f1ol.<\/p>\n","protected":false},"author":371,"featured_media":0,"parent":0,"menu_order":0,"comment_status":"closed","ping_status":"closed","template":"","meta":{"footnotes":""},"class_list":["post-169","page","type-page","status-publish","hentry"],"aioseo_notices":[],"_links":{"self":[{"href":"https:\/\/mastersemiconductores.usal.es\/en\/wp-json\/wp\/v2\/pages\/169","targetHints":{"allow":["GET"]}}],"collection":[{"href":"https:\/\/mastersemiconductores.usal.es\/en\/wp-json\/wp\/v2\/pages"}],"about":[{"href":"https:\/\/mastersemiconductores.usal.es\/en\/wp-json\/wp\/v2\/types\/page"}],"author":[{"embeddable":true,"href":"https:\/\/mastersemiconductores.usal.es\/en\/wp-json\/wp\/v2\/users\/371"}],"replies":[{"embeddable":true,"href":"https:\/\/mastersemiconductores.usal.es\/en\/wp-json\/wp\/v2\/comments?post=169"}],"version-history":[{"count":2,"href":"https:\/\/mastersemiconductores.usal.es\/en\/wp-json\/wp\/v2\/pages\/169\/revisions"}],"predecessor-version":[{"id":176,"href":"https:\/\/mastersemiconductores.usal.es\/en\/wp-json\/wp\/v2\/pages\/169\/revisions\/176"}],"wp:attachment":[{"href":"https:\/\/mastersemiconductores.usal.es\/en\/wp-json\/wp\/v2\/media?parent=169"}],"curies":[{"name":"wp","href":"https:\/\/api.w.org\/{rel}","templated":true}]}}